{"id":47,"date":"2025-04-23T04:13:08","date_gmt":"2025-04-23T01:13:08","guid":{"rendered":"https:\/\/esdinailbar.com\/?page_id=47"},"modified":"2025-05-11T21:55:32","modified_gmt":"2025-05-11T18:55:32","slug":"iletisim","status":"publish","type":"page","link":"https:\/\/esdinailbar.com\/index.php\/iletisim\/","title":{"rendered":"\u0130leti\u015fim"},"content":{"rendered":"\n<p>Bat\u0131 mah. Akasya Sk. G\u00fcl Apt. No:11 \u0130\u00e7 Kap\u0131 No:11<br>\u0130stanbul, Pendik, 34890<br>T\u00fcrkiye<\/p>\n\n\n\n<iframe src=\"https:\/\/www.google.com\/maps\/embed?pb=!1m18!1m12!1m3!1d3016.678502955346!2d29.226295675507114!3d40.87892912738042!2m3!1f0!2f0!3f0!3m2!1i1024!2i768!4f13.1!3m3!1m2!1s0x14cac3aad59489a1%3A0x6ae42040307e510e!2sEs-Di%20Nail%20Bar!5e0!3m2!1str!2str!4v1746989523920!5m2!1str!2str\" width=\"600\" height=\"450\" style=\"border:0;\" allowfullscreen=\"\" loading=\"lazy\" referrerpolicy=\"no-referrer-when-downgrade\"><\/iframe>\n\n\n\n<p><\/p>\n","protected":false},"excerpt":{"rendered":"<p>Bat\u0131 mah. Akasya Sk. G\u00fcl Apt. No:11 \u0130\u00e7 Kap\u0131 No:11\u0130stanbul, Pendik, 34890T\u00fcrkiye<\/p>\n","protected":false},"author":1,"featured_media":0,"parent":0,"menu_order":0,"comment_status":"closed","ping_status":"closed","template":"","meta":{"footnotes":""},"class_list":["post-47","page","type-page","status-publish","hentry"],"_links":{"self":[{"href":"https:\/\/esdinailbar.com\/index.php\/wp-json\/wp\/v2\/pages\/47","targetHints":{"allow":["GET"]}}],"collection":[{"href":"https:\/\/esdinailbar.com\/index.php\/wp-json\/wp\/v2\/pages"}],"about":[{"href":"https:\/\/esdinailbar.com\/index.php\/wp-json\/wp\/v2\/types\/page"}],"author":[{"embeddable":true,"href":"https:\/\/esdinailbar.com\/index.php\/wp-json\/wp\/v2\/users\/1"}],"replies":[{"embeddable":true,"href":"https:\/\/esdinailbar.com\/index.php\/wp-json\/wp\/v2\/comments?post=47"}],"version-history":[{"count":3,"href":"https:\/\/esdinailbar.com\/index.php\/wp-json\/wp\/v2\/pages\/47\/revisions"}],"predecessor-version":[{"id":70,"href":"https:\/\/esdinailbar.com\/index.php\/wp-json\/wp\/v2\/pages\/47\/revisions\/70"}],"wp:attachment":[{"href":"https:\/\/esdinailbar.com\/index.php\/wp-json\/wp\/v2\/media?parent=47"}],"curies":[{"name":"wp","href":"https:\/\/api.w.org\/{rel}","templated":true}]}}